{"id":11,"date":"2025-02-03T08:18:50","date_gmt":"2025-02-03T08:18:50","guid":{"rendered":"https:\/\/hollo-auto.hu\/?page_id=11"},"modified":"2025-02-21T12:39:33","modified_gmt":"2025-02-21T12:39:33","slug":"kapcsolat","status":"publish","type":"page","link":"https:\/\/hollo-auto.hu\/index.php\/kapcsolat\/","title":{"rendered":"Kapcsolat"},"content":{"rendered":"\n<p><strong>El\u00e9rhet\u0151s\u00e9geink:<\/strong><\/p>\n\n\n\n<p>Holl\u00f3 P\u00e9ter, \u00fcgyvezet\u0151<\/p>\n\n\n\n<p>E-mail: <a href=\"mailto:hollo56@gmail.com\">hollo56@gmail.com<\/a><br>Mobil: +36-30-932-6816<\/p>\n\n\n\n<p><strong>Nyitvatart\u00e1s:<\/strong><br>H\u00e9tf\u0151t\u0151l Cs\u00fct\u00f6rt\u00f6kig 7 \u00e9s 17 \u00f3ra k\u00f6z\u00f6tt<br>P\u00e9ntekenk\u00e9nt el\u0151re megbesz\u00e9ltek szerint<\/p>\n\n\n\n<figure class=\"wp-block-image size-full is-resized\"><a href=\"https:\/\/www.google.com\/maps\/place\/Holl%C3%B3-Aut%C3%B3+Kft.\/@47.5330489,19.0894367,488m\/data=!3m2!1e3!4b1!4m6!3m5!1s0x4741db97fe8981f1:0xe5e792b8ff5a29f6!8m2!3d47.5330489!4d19.0894367!16s%2Fg%2F1hhxp7l8h?hl=hu&amp;entry=ttu&amp;g_ep=EgoyMDI0MTIxMS4wIKXMDSoASAFQAw%3D%3D\" target=\"_blank\" rel=\" noreferrer noopener\"><img loading=\"lazy\" decoding=\"async\" width=\"559\" height=\"352\" src=\"https:\/\/hollo-auto.hu\/wp-content\/uploads\/2025\/02\/map2.png\" alt=\"\" class=\"wp-image-31\" style=\"width:482px;height:auto\" srcset=\"https:\/\/hollo-auto.hu\/wp-content\/uploads\/2025\/02\/map2.png 559w, https:\/\/hollo-auto.hu\/wp-content\/uploads\/2025\/02\/map2-300x189.png 300w\" sizes=\"auto, (max-width: 559px) 100vw, 559px\" \/><\/a><\/figure>\n\n\n\n<p><\/p>\n","protected":false},"excerpt":{"rendered":"<p>El\u00e9rhet\u0151s\u00e9geink: Holl\u00f3 P\u00e9ter, \u00fcgyvezet\u0151 E-mail: hollo56@gmail.comMobil: +36-30-932-6816 Nyitvatart\u00e1s:H\u00e9tf\u0151t\u0151l Cs\u00fct\u00f6rt\u00f6kig 7 \u00e9s 17 \u00f3ra k\u00f6z\u00f6ttP\u00e9ntekenk\u00e9nt el\u0151re megbesz\u00e9ltek szerint<\/p>\n","protected":false},"author":1,"featured_media":0,"parent":0,"menu_order":0,"comment_status":"closed","ping_status":"closed","template":"","meta":{"footnotes":""},"class_list":["post-11","page","type-page","status-publish","hentry"],"_links":{"self":[{"href":"https:\/\/hollo-auto.hu\/index.php\/wp-json\/wp\/v2\/pages\/11","targetHints":{"allow":["GET"]}}],"collection":[{"href":"https:\/\/hollo-auto.hu\/index.php\/wp-json\/wp\/v2\/pages"}],"about":[{"href":"https:\/\/hollo-auto.hu\/index.php\/wp-json\/wp\/v2\/types\/page"}],"author":[{"embeddable":true,"href":"https:\/\/hollo-auto.hu\/index.php\/wp-json\/wp\/v2\/users\/1"}],"replies":[{"embeddable":true,"href":"https:\/\/hollo-auto.hu\/index.php\/wp-json\/wp\/v2\/comments?post=11"}],"version-history":[{"count":8,"href":"https:\/\/hollo-auto.hu\/index.php\/wp-json\/wp\/v2\/pages\/11\/revisions"}],"predecessor-version":[{"id":88,"href":"https:\/\/hollo-auto.hu\/index.php\/wp-json\/wp\/v2\/pages\/11\/revisions\/88"}],"wp:attachment":[{"href":"https:\/\/hollo-auto.hu\/index.php\/wp-json\/wp\/v2\/media?parent=11"}],"curies":[{"name":"wp","href":"https:\/\/api.w.org\/{rel}","templated":true}]}}